{"id":528,"date":"2023-05-13T11:22:05","date_gmt":"2023-05-13T09:22:05","guid":{"rendered":"https:\/\/themeetingpoint.ca\/?page_id=528"},"modified":"2025-11-05T00:32:49","modified_gmt":"2025-11-04T23:32:49","slug":"termes-de-references","status":"publish","type":"page","link":"https:\/\/themeetingpoint.ca\/fr\/termes-de-references\/","title":{"rendered":"termes de r\u00e9f\u00e9rences"},"content":{"rendered":"<div id=\"fws_69e0800844916\"  data-column-margin=\"default\" data-midnight=\"dark\"  class=\"wpb_row vc_row-fluid vc_row\"  style=\"padding-top: 0px; padding-bottom: 0px; \"><div class=\"row-bg-wrap\" data-bg-animation=\"none\" data-bg-animation-delay=\"\" data-bg-overlay=\"false\"><div class=\"inner-wrap row-bg-layer\" ><div class=\"row-bg viewport-desktop\"  style=\"\"><\/div><\/div><\/div><div class=\"row_col_wrap_12 col span_12 dark left\">\n\t<div  class=\"vc_col-sm-12 wpb_column column_container vc_column_container col no-extra-padding inherit_tablet inherit_phone\"  data-padding-pos=\"all\" data-has-bg-color=\"false\" data-bg-color=\"\" data-bg-opacity=\"1\" data-animation=\"\" data-delay=\"0\" >\n\t\t<div class=\"vc_column-inner\" >\n\t\t\t<div class=\"wpb_wrapper\">\n\t\t\t\t<div class=\"divider-wrap height_phone_5px\" data-alignment=\"default\"><div style=\"height: 200px;\" class=\"divider\"><\/div><\/div>\n\t\t\t<\/div> \n\t\t<\/div>\n\t<\/div> \n\n\t<div  class=\"vc_col-sm-12 wpb_column column_container vc_column_container col no-extra-padding inherit_tablet inherit_phone\"  data-padding-pos=\"all\" data-has-bg-color=\"false\" data-bg-color=\"\" data-bg-opacity=\"1\" data-animation=\"\" data-delay=\"0\" >\n\t\t<div class=\"vc_column-inner\" >\n\t\t\t<div class=\"wpb_wrapper\">\n\t\t\t\t\n<div class=\"wpb_text_column wpb_content_element\" >\n\t<div class=\"wpb_wrapper\">\n\t\t<h2><span class=\"HwtZe\" lang=\"en\"><span class=\"jCAhz ChMk0b\"><span class=\"ryNqvb\">Termes de r\u00e9f\u00e9rence<\/span><\/span><\/span><\/h2>\n\t<\/div>\n<\/div>\n\n\n\n\n\t\t\t<\/div> \n\t\t<\/div>\n\t<\/div> \n<\/div><\/div>\n\t\t<div id=\"fws_69e0800845272\"  data-column-margin=\"default\" data-midnight=\"dark\"  class=\"wpb_row vc_row-fluid vc_row\"  style=\"padding-top: 0px; padding-bottom: 0px; \"><div class=\"row-bg-wrap\" data-bg-animation=\"none\" data-bg-animation-delay=\"\" data-bg-overlay=\"false\"><div class=\"inner-wrap row-bg-layer\" ><div class=\"row-bg viewport-desktop\"  style=\"\"><\/div><\/div><\/div><div class=\"row_col_wrap_12 col span_12 dark left\">\n\t<div  class=\"vc_col-sm-12 wpb_column column_container vc_column_container col no-extra-padding inherit_tablet inherit_phone\"  data-padding-pos=\"all\" data-has-bg-color=\"false\" data-bg-color=\"\" data-bg-opacity=\"1\" data-animation=\"\" data-delay=\"0\" >\n\t\t<div class=\"vc_column-inner\" >\n\t\t\t<div class=\"wpb_wrapper\">\n\t\t\t\t\n<div class=\"wpb_text_column wpb_content_element\" >\n\t<div class=\"wpb_wrapper\">\n\t\t<h2>Avis juridique<\/h2>\n<p>Ce site web est publi\u00e9 par <strong>THE MEETING POINT 9510-7397 Qu\u00e9bec Inc.<\/strong><\/p>\n<p>L'entreprise est sp\u00e9cialis\u00e9e dans le marketing, la communication, la cr\u00e9ation de sites web et l'organisation d'\u00e9v\u00e9nements.<\/p>\n<p>Elle est enregistr\u00e9e aupr\u00e8s du Registraire des entreprises du Qu\u00e9bec sous le num\u00e9ro : 1179581286 <strong>1179581286<\/strong><\/p>\n<hr>\n<h2>Termes et conditions<\/h2>\n<p>En acc\u00e9dant \u00e0 ce site web, disponible \u00e0 <a href=\"http:\/\/themeetingpoint.com\/\">http:\/\/themeetingpoint.com\/<\/a>En utilisant ce site, vous acceptez d'\u00eatre li\u00e9 par les pr\u00e9sentes conditions d'utilisation et confirmez \u00eatre responsable du respect de toutes les lois locales applicables. Si vous n'acceptez pas ces conditions, il vous est interdit d'acc\u00e9der \u00e0 ce site. Tout le contenu de ce site web est prot\u00e9g\u00e9 par les lois sur le droit d'auteur et les marques d\u00e9pos\u00e9es.<\/p>\n<hr>\n<h2>Licence d'utilisation<\/h2>\n<p>L'autorisation est accord\u00e9e de t\u00e9l\u00e9charger temporairement une copie des documents sur <strong>THE MEETING POINT<\/strong>Le site web est accessible uniquement pour une consultation personnelle, non commerciale et temporaire. Ceci constitue l'octroi d'une licence, et non un transfert de propri\u00e9t\u00e9, et en vertu de cette licence, vous n'\u00eates pas autoris\u00e9 \u00e0 :<\/p>\n<ul>\n<li>Modifier ou copier les contenus ;<\/li>\n<li>Utiliser les contenus \u00e0 des fins commerciales ou pour toute diffusion publique ;<\/li>\n<li>Tenter de d\u00e9compiler ou de d\u00e9sosser tout logiciel contenu sur le site web de <strong>THE MEETING POINT<\/strong>\u2019s website;<\/li>\n<li>Supprimer toute mention de droit d'auteur ou autre avis de propri\u00e9t\u00e9 des contenus ; ou<\/li>\n<li>Transf\u00e9rer les contenus \u00e0 une autre personne ou les reproduire sur un autre serveur.<\/li>\n<\/ul>\n<p>Toute violation de ces restrictions entra\u00eenera <strong>THE MEETING POINT<\/strong> la r\u00e9siliation de vos droits de visionnage prendra effet imm\u00e9diatement. D\u00e8s la r\u00e9siliation, vous devez d\u00e9truire tout mat\u00e9riel t\u00e9l\u00e9charg\u00e9 en votre possession, qu'il soit au format imprim\u00e9 ou \u00e9lectronique.<\/p>\n<hr>\n<h2>Clause de non-responsabilit\u00e9<\/h2>\n<p>Tous les contenus du site web de <strong>THE MEETING POINT<\/strong>sont fournis \u00ab en l'\u00e9tat \u00bb. <strong>THE MEETING POINT<\/strong> n'offre aucune garantie, expresse ou implicite, et d\u00e9cline par la pr\u00e9sente toute autre garantie. De plus, <strong>THE MEETING POINT<\/strong> ne fait aucune d\u00e9claration quant \u00e0 l'exactitude ou \u00e0 la fiabilit\u00e9 de l'utilisation des contenus de son site web ou de tout autre contenu li\u00e9 \u00e0 ces derniers ou \u00e0 tout site web associ\u00e9.<\/p>\n<hr>\n<h2>Limites<\/h2>\n<p><strong>THE MEETING POINT<\/strong> ou ses fournisseurs ne pourront \u00eatre tenus responsables des dommages r\u00e9sultant de l'utilisation ou de l'impossibilit\u00e9 d'utiliser les contenus du site web de <strong>THE MEETING POINT<\/strong>m\u00eame si <strong>THE MEETING POINT<\/strong> ou un repr\u00e9sentant autoris\u00e9 a \u00e9t\u00e9 inform\u00e9, oralement ou par \u00e9crit, de l'\u00e9ventualit\u00e9 de tels dommages. Certaines juridictions n'autorisent pas les limitations de garanties implicites ni la limitation de responsabilit\u00e9 pour les dommages indirects ; il est donc possible que ces limitations ne vous soient pas applicables.<\/p>\n<hr>\n<h2>R\u00e9visions et errata<\/h2>\n<p>Les contenus pr\u00e9sents sur le site web de <strong>THE MEETING POINT<\/strong>peuvent contenir des erreurs techniques, typographiques ou photographiques. <strong>THE MEETING POINT<\/strong> ne garantit pas l'exactitude, l'exhaustivit\u00e9 ou l'actualit\u00e9 des informations figurant sur son site web. <strong>THE MEETING POINT<\/strong> se r\u00e9serve le droit de modifier ces contenus \u00e0 tout moment et sans pr\u00e9avis. <strong>THE MEETING POINT<\/strong> ne s'engage pas \u00e0 les mettre \u00e0 jour.<\/p>\n<hr>\n<h2>Links<\/h2>\n<p><strong>THE MEETING POINT<\/strong> n'a pas examin\u00e9 tous les sites Web li\u00e9s et n'est pas responsable du contenu de ces sites. L'inclusion d'un lien n'implique aucune approbation de sa part. <strong>THE MEETING POINT<\/strong>L'utilisation de tout site web li\u00e9 se fait aux risques et p\u00e9rils de l'utilisateur.<\/p>\n<hr>\n<h2>Modifications des conditions d'utilisation<\/h2>\n<p><strong>THE MEETING POINT<\/strong> Nous nous r\u00e9servons le droit de modifier les pr\u00e9sentes conditions d'utilisation \u00e0 tout moment et sans pr\u00e9avis. En utilisant ce site web, vous acceptez d'\u00eatre li\u00e9 par la version actuelle de ces conditions d'utilisation.<\/p>\n<hr>\n<h2>Votre vie priv\u00e9e<\/h2>\n<p>Veuillez lire notre <strong>politique de confidentialit\u00e9<\/strong>.<\/p>\n\t<\/div>\n<\/div>\n\n\n\n\n\t\t\t<\/div> \n\t\t<\/div>\n\t<\/div> \n<\/div><\/div>\n\t\t<div id=\"fws_69e0800845792\"  data-column-margin=\"default\" data-midnight=\"dark\"  class=\"wpb_row vc_row-fluid vc_row full-width-content vc_row-o-equal-height vc_row-flex vc_row-o-content-top\"  style=\"padding-top: 0px; padding-bottom: 0px; \"><div class=\"row-bg-wrap\" data-bg-animation=\"none\" data-bg-animation-delay=\"\" data-bg-overlay=\"false\"><div class=\"inner-wrap row-bg-layer\" ><div class=\"row-bg viewport-desktop using-bg-color\"  style=\"background-color: #003366; \"><\/div><\/div><\/div><div class=\"row_col_wrap_12 col span_12 dark left\">\n\t<div  class=\"vc_col-sm-12 wpb_column column_container vc_column_container col no-extra-padding inherit_tablet inherit_phone\"  data-padding-pos=\"all\" data-has-bg-color=\"false\" data-bg-color=\"\" data-bg-opacity=\"1\" data-animation=\"\" data-delay=\"0\" >\n\t\t<div class=\"vc_column-inner\" >\n\t\t\t<div class=\"wpb_wrapper\">\n\t\t\t\t<div class=\"divider-wrap height_phone_5px\" data-alignment=\"default\"><div style=\"height: 200px;\" class=\"divider\"><\/div><\/div>\n\t\t\t<\/div> \n\t\t<\/div>\n\t<\/div> \n\n\t<div  class=\"vc_col-sm-6 wpb_column column_container vc_column_container col no-extra-padding inherit_tablet inherit_phone\"  data-padding-pos=\"all\" data-has-bg-color=\"false\" data-bg-color=\"\" data-bg-opacity=\"1\" data-animation=\"\" data-delay=\"0\" >\n\t\t<div class=\"vc_column-inner\" >\n\t\t\t<div class=\"wpb_wrapper\">\n\t\t\t\t<h1 style=\"color: #FFFFFF;text-align: left\" class=\"vc_custom_heading vc_do_custom_heading vc_custom_1760892922096\" >TRANSFORMEZ VOS<br \/>\nVISIONS<br \/>\nEN R\u00c9ALIT\u00c9!<\/h1>\n\t\t\t<\/div> \n\t\t<\/div>\n\t<\/div> \n\n\t<div  class=\"vc_col-sm-6 wpb_column column_container vc_column_container col no-extra-padding inherit_tablet inherit_phone\"  data-padding-pos=\"all\" data-has-bg-color=\"false\" data-bg-color=\"\" data-bg-opacity=\"1\" data-animation=\"\" data-delay=\"0\" >\n\t\t<div class=\"vc_column-inner\" >\n\t\t\t<div class=\"wpb_wrapper\">\n\t\t\t\t<div class=\"divider-wrap height_phone_5px\" data-alignment=\"default\"><div style=\"height: 200px;\" class=\"divider\"><\/div><\/div><a class=\"nectar-button jumbo see-through-2  has-icon arrow-button\"  role=\"button\" style=\"border-color: #C1904E; color: #C1904E;\"  href=\"https:\/\/themeetingpoint.ca\/fr\/contact\/\" data-color-override=\"#C1904E\"  data-hover-color-override=\"#C1904E\" data-hover-text-color-override=\"#ffffff\"><span>TRAVAILLEZ AVEC NOUS<\/span><i  class=\"fa fa-arrow-right\"><\/i><\/a>\n\t\t\t<\/div> \n\t\t<\/div>\n\t<\/div> \n\n\t<div  class=\"vc_col-sm-12 wpb_column column_container vc_column_container col no-extra-padding inherit_tablet inherit_phone\"  data-padding-pos=\"all\" data-has-bg-color=\"false\" data-bg-color=\"\" data-bg-opacity=\"1\" data-animation=\"\" data-delay=\"0\" >\n\t\t<div class=\"vc_column-inner\" >\n\t\t\t<div class=\"wpb_wrapper\">\n\t\t\t\t<div class=\"divider-wrap height_phone_5px\" data-alignment=\"default\"><div style=\"height: 100px;\" class=\"divider\"><\/div><\/div>\n\t\t\t<\/div> \n\t\t<\/div>\n\t<\/div> \n<\/div><\/div>","protected":false},"excerpt":{"rendered":"Terms of Reference Legal Notice This website is published by THE MEETING POINT 9510-7397 Quebec Inc. The company specializes in marketing, communication, website creation, and event organization. Registered with the...","protected":false},"author":1,"featured_media":0,"parent":0,"menu_order":0,"comment_status":"closed","ping_status":"closed","template":"","meta":{"om_disable_all_campaigns":false,"_monsterinsights_skip_tracking":false,"_monsterinsights_sitenote_active":false,"_monsterinsights_sitenote_note":"","_monsterinsights_sitenote_category":0,"_uf_show_specific_survey":0,"_uf_disable_surveys":false,"footnotes":""},"class_list":["post-528","page","type-page","status-publish"],"aioseo_notices":[],"_links":{"self":[{"href":"https:\/\/themeetingpoint.ca\/fr\/wp-json\/wp\/v2\/pages\/528","targetHints":{"allow":["GET"]}}],"collection":[{"href":"https:\/\/themeetingpoint.ca\/fr\/wp-json\/wp\/v2\/pages"}],"about":[{"href":"https:\/\/themeetingpoint.ca\/fr\/wp-json\/wp\/v2\/types\/page"}],"author":[{"embeddable":true,"href":"https:\/\/themeetingpoint.ca\/fr\/wp-json\/wp\/v2\/users\/1"}],"replies":[{"embeddable":true,"href":"https:\/\/themeetingpoint.ca\/fr\/wp-json\/wp\/v2\/comments?post=528"}],"version-history":[{"count":12,"href":"https:\/\/themeetingpoint.ca\/fr\/wp-json\/wp\/v2\/pages\/528\/revisions"}],"predecessor-version":[{"id":1690,"href":"https:\/\/themeetingpoint.ca\/fr\/wp-json\/wp\/v2\/pages\/528\/revisions\/1690"}],"wp:attachment":[{"href":"https:\/\/themeetingpoint.ca\/fr\/wp-json\/wp\/v2\/media?parent=528"}],"curies":[{"name":"wp","href":"https:\/\/api.w.org\/{rel}","templated":true}]}}