{"id":531,"date":"2023-05-13T11:28:49","date_gmt":"2023-05-13T09:28:49","guid":{"rendered":"https:\/\/themeetingpoint.ca\/?page_id=531"},"modified":"2025-11-05T00:32:49","modified_gmt":"2025-11-04T23:32:49","slug":"politique-de-confidentialite-2","status":"publish","type":"page","link":"https:\/\/themeetingpoint.ca\/fr\/politique-de-confidentialite-2\/","title":{"rendered":"politique de confidentialit\u00e9"},"content":{"rendered":"<div id=\"fws_69e0962b65f83\"  data-column-margin=\"default\" data-midnight=\"dark\"  class=\"wpb_row vc_row-fluid vc_row\"  style=\"padding-top: 0px; padding-bottom: 0px; \"><div class=\"row-bg-wrap\" data-bg-animation=\"none\" data-bg-animation-delay=\"\" data-bg-overlay=\"false\"><div class=\"inner-wrap row-bg-layer\" ><div class=\"row-bg viewport-desktop\"  style=\"\"><\/div><\/div><\/div><div class=\"row_col_wrap_12 col span_12 dark left\">\n\t<div  class=\"vc_col-sm-12 wpb_column column_container vc_column_container col no-extra-padding inherit_tablet inherit_phone\"  data-padding-pos=\"all\" data-has-bg-color=\"false\" data-bg-color=\"\" data-bg-opacity=\"1\" data-animation=\"\" data-delay=\"0\" >\n\t\t<div class=\"vc_column-inner\" >\n\t\t\t<div class=\"wpb_wrapper\">\n\t\t\t\t<div class=\"divider-wrap height_phone_10px\" data-alignment=\"default\"><div style=\"height: 200px;\" class=\"divider\"><\/div><\/div>\n\t\t\t<\/div> \n\t\t<\/div>\n\t<\/div> \n\n\t<div  class=\"vc_col-sm-12 wpb_column column_container vc_column_container col no-extra-padding inherit_tablet inherit_phone\"  data-padding-pos=\"all\" data-has-bg-color=\"false\" data-bg-color=\"\" data-bg-opacity=\"1\" data-animation=\"\" data-delay=\"0\" >\n\t\t<div class=\"vc_column-inner\" >\n\t\t\t<div class=\"wpb_wrapper\">\n\t\t\t\t\n<div class=\"wpb_text_column wpb_content_element\" >\n\t<div class=\"wpb_wrapper\">\n\t\t<h2><span class=\"HwtZe\" lang=\"en\"><span class=\"jCAhz ChMk0b\"><span class=\"ryNqvb\">politique de confidentialit\u00e9<\/span><\/span><\/span><\/h2>\n\t<\/div>\n<\/div>\n\n\n\n\n\t\t\t<\/div> \n\t\t<\/div>\n\t<\/div> \n<\/div><\/div>\n\t\t<div id=\"fws_69e0962b666ba\"  data-column-margin=\"default\" data-midnight=\"dark\"  class=\"wpb_row vc_row-fluid vc_row\"  style=\"padding-top: 0px; padding-bottom: 0px; \"><div class=\"row-bg-wrap\" data-bg-animation=\"none\" data-bg-animation-delay=\"\" data-bg-overlay=\"false\"><div class=\"inner-wrap row-bg-layer\" ><div class=\"row-bg viewport-desktop\"  style=\"\"><\/div><\/div><\/div><div class=\"row_col_wrap_12 col span_12 dark left\">\n\t<div  class=\"vc_col-sm-12 wpb_column column_container vc_column_container col no-extra-padding inherit_tablet inherit_phone\"  data-padding-pos=\"all\" data-has-bg-color=\"false\" data-bg-color=\"\" data-bg-opacity=\"1\" data-animation=\"\" data-delay=\"0\" >\n\t\t<div class=\"vc_column-inner\" >\n\t\t\t<div class=\"wpb_wrapper\">\n\t\t\t\t\n<div class=\"wpb_text_column wpb_content_element\" >\n\t<div class=\"wpb_wrapper\">\n\t\t<p>\u00c0 <strong>themeetingpoint.ca<\/strong> (accessible via <a href=\"http:\/\/themeetingpoint.ca\/fr\/\">http:\/\/themeetingpoint.ca\/<\/a>La protection de la vie priv\u00e9e de nos visiteurs est une priorit\u00e9 absolue. Cette politique de confidentialit\u00e9 d\u00e9crit les types d'informations collect\u00e9es et enregistr\u00e9es par notre site, et la mani\u00e8re dont nous les utilisons.<\/p>\n<p>Si vous avez des questions ou si vous souhaitez obtenir de plus amples informations, n'h\u00e9sitez pas \u00e0 nous contacter.<\/p>\n<hr>\n<h2>Scope<\/h2>\n<p>Cette politique s'applique uniquement \u00e0 nos activit\u00e9s en ligne et concerne les visiteurs de notre site web concernant les informations qu'ils partagent ou qui sont collect\u00e9es via <strong>themeetingpoint.ca<\/strong>Cela ne s'applique pas aux informations collect\u00e9es hors ligne ou par des canaux autres que ce site web.<\/p>\n<hr>\n<h2>Consent<\/h2>\n<p>En utilisant notre site web, vous consentez \u00e0 notre politique de confidentialit\u00e9 et acceptez ses conditions.<\/p>\n<hr>\n<h2>Informations que nous recueillons<\/h2>\n<p>Lorsque nous vous demandons de fournir des informations personnelles, nous vous expliquerons clairement pourquoi elles sont n\u00e9cessaires.<\/p>\n<p>Si vous nous contactez directement, nous pourrions recevoir des informations suppl\u00e9mentaires telles que :<\/p>\n<ul>\n<li>Nom<\/li>\n<li>Adresse \u00e9lectronique<\/li>\n<li>Num\u00e9ro de t\u00e9l\u00e9phone<\/li>\n<li>Contenu de votre message et pi\u00e8ces jointes \u00e9ventuelles<\/li>\n<li>Toute autre information que vous souhaitez fournir<\/li>\n<\/ul>\n<hr>\n<h2>Comment nous utilisons vos informations<\/h2>\n<p>Les informations que nous recueillons peuvent \u00eatre utilis\u00e9es pour :<\/p>\n<ul>\n<li>Exploiter, maintenir et am\u00e9liorer notre site web<\/li>\n<li>Personnaliser et am\u00e9liorer l'exp\u00e9rience utilisateur<\/li>\n<li>Comprendre et analyser l'utilisation de notre site web<\/li>\n<li>D\u00e9velopper de nouveaux produits, services et fonctionnalit\u00e9s<\/li>\n<li>Communiquer avec vous, notamment pour le service client, les mises \u00e0 jour, le marketing et les promotions<\/li>\n<li>Envoyer des e-mails<\/li>\n<li>D\u00e9tecter et pr\u00e9venir la fraude<\/li>\n<\/ul>\n<hr>\n<h2>Fichiers journaux<\/h2>\n<p><strong>themeetingpoint.ca<\/strong> suit une proc\u00e9dure standard d'utilisation de fichiers journaux. Ces fichiers enregistrent les visiteurs lorsqu'ils acc\u00e8dent aux sites web, et contiennent notamment les informations suivantes :<\/p>\n<ul>\n<li>IP addresses<\/li>\n<li>Browser type<\/li>\n<li>Internet Service Provider (ISP)<\/li>\n<li>Date\/time stamps<\/li>\n<li>Referring\/exit pages<\/li>\n<li>Number of clicks<\/li>\n<\/ul>\n<p>Ces donn\u00e9es ne sont pas li\u00e9es \u00e0 des informations permettant d'identifier personnellement les utilisateurs et sont utilis\u00e9es pour analyser les tendances, administrer le site, suivre les mouvements des utilisateurs et collecter des informations d\u00e9mographiques.<\/p>\n<hr>\n<h2>Cookies et balises Web<\/h2>\n<p>Comme la plupart des sites web, <strong>themeetingpoint.ca<\/strong> utilise des \u00ab cookies \u00bb. Les cookies stockent des informations telles que les pr\u00e9f\u00e9rences des visiteurs et les pages consult\u00e9es. Ces donn\u00e9es contribuent \u00e0 optimiser l'exp\u00e9rience utilisateur en personnalisant le contenu du site web en fonction du type de navigateur et d'autres informations.<\/p>\n<hr>\n<h2>Politiques de confidentialit\u00e9 des partenaires publicitaires<\/h2>\n<p>Nos partenaires publicitaires peuvent utiliser des technologies telles que les cookies, JavaScript ou les balises Web dans leurs publicit\u00e9s et liens qui apparaissent sur <strong>themeetingpoint.ca<\/strong>Ces informations sont envoy\u00e9es directement aux navigateurs des utilisateurs. Ceux-ci re\u00e7oivent automatiquement votre adresse IP. Ces technologies sont utilis\u00e9es pour mesurer l'efficacit\u00e9 des publicit\u00e9s et\/ou personnaliser le contenu publicitaire.<\/p>\n<p><strong>themeetingpoint.ca<\/strong> n'a aucun acc\u00e8s ni aucun contr\u00f4le sur ces cookies utilis\u00e9s par les annonceurs tiers.<\/p>\n<p>Nous vous recommandons de consulter les politiques de confidentialit\u00e9 de ces serveurs tiers pour obtenir plus d'informations et pour conna\u00eetre les instructions relatives \u00e0 la d\u00e9sactivation de ces services.<\/p>\n<hr>\n<h2>Vos droits<\/h2>\n<p>Vous disposez des droits suivants concernant vos donn\u00e9es personnelles :<\/p>\n<ul>\n<li><strong>Correction<\/strong>: Demander la correction d'informations inexactes ou incompl\u00e8tes.<\/li>\n<li><strong>Effacement<\/strong>: Demande de suppression des donn\u00e9es personnelles sous certaines conditions<\/li>\n<li><strong>Restriction<\/strong>: Demander la limitation du traitement des donn\u00e9es sous certaines conditions.<\/li>\n<li><strong>Objection<\/strong>: S'opposer au traitement dans certaines conditions.<\/li>\n<li><strong>Portabilit\u00e9 des donn\u00e9es<\/strong>: Demander le transfert des donn\u00e9es \u00e0 une autre organisation ou directement \u00e0 vous.<\/li>\n<\/ul>\n<p>Nous avons un mois pour r\u00e9pondre \u00e0 votre demande. Pour exercer vos droits, veuillez nous contacter.<\/p>\n<hr>\n<h2>Protection de la vie priv\u00e9e des enfants<\/h2>\n<p>Nous accordons la priorit\u00e9 \u00e0 la protection des enfants en ligne. <strong>themeetingpoint.ca<\/strong> Nous ne collectons pas sciemment d'informations personnelles aupr\u00e8s d'enfants de moins de 13 ans. Si vous pensez que votre enfant a fourni de telles informations sur notre site web, veuillez nous contacter imm\u00e9diatement afin que nous les supprimions de nos fichiers.<\/p>\n<hr>\n<h2>Modifications apport\u00e9es \u00e0 la pr\u00e9sente politique de confidentialit\u00e9<\/h2>\n<p>Nous pouvons mettre \u00e0 jour notre politique de confidentialit\u00e9 de temps \u00e0 autre. Toute modification sera publi\u00e9e sur cette page et prendra effet imm\u00e9diatement.<\/p>\n<hr>\n<h2>Contactez-nous<\/h2>\n<p>Pour toute question ou suggestion concernant notre politique de confidentialit\u00e9, veuillez nous contacter via notre <strong>Contact<\/strong> page.<\/p>\n\t<\/div>\n<\/div>\n\n\n\n\n\t\t\t<\/div> \n\t\t<\/div>\n\t<\/div> \n<\/div><\/div>\n\t\t<div id=\"fws_69e0962b66c54\"  data-column-margin=\"default\" data-midnight=\"dark\"  class=\"wpb_row vc_row-fluid vc_row full-width-content vc_row-o-equal-height vc_row-flex vc_row-o-content-top\"  style=\"padding-top: 0px; padding-bottom: 0px; \"><div class=\"row-bg-wrap\" data-bg-animation=\"none\" data-bg-animation-delay=\"\" data-bg-overlay=\"false\"><div class=\"inner-wrap row-bg-layer\" ><div class=\"row-bg viewport-desktop using-bg-color\"  style=\"background-color: #003366; \"><\/div><\/div><\/div><div class=\"row_col_wrap_12 col span_12 dark left\">\n\t<div  class=\"vc_col-sm-12 wpb_column column_container vc_column_container col no-extra-padding inherit_tablet inherit_phone\"  data-padding-pos=\"all\" data-has-bg-color=\"false\" data-bg-color=\"\" data-bg-opacity=\"1\" data-animation=\"\" data-delay=\"0\" >\n\t\t<div class=\"vc_column-inner\" >\n\t\t\t<div class=\"wpb_wrapper\">\n\t\t\t\t<div class=\"divider-wrap height_phone_10px\" data-alignment=\"default\"><div style=\"height: 200px;\" class=\"divider\"><\/div><\/div>\n\t\t\t<\/div> \n\t\t<\/div>\n\t<\/div> \n\n\t<div  class=\"vc_col-sm-6 wpb_column column_container vc_column_container col no-extra-padding inherit_tablet inherit_phone\"  data-padding-pos=\"all\" data-has-bg-color=\"false\" data-bg-color=\"\" data-bg-opacity=\"1\" data-animation=\"\" data-delay=\"0\" >\n\t\t<div class=\"vc_column-inner\" >\n\t\t\t<div class=\"wpb_wrapper\">\n\t\t\t\t<h1 style=\"color: #FFFFFF;text-align: left\" class=\"vc_custom_heading vc_do_custom_heading vc_custom_1760892922096\" >TRANSFORMEZ VOS<br \/>\nVISIONS<br \/>\nEN R\u00c9ALIT\u00c9!<\/h1>\n\t\t\t<\/div> \n\t\t<\/div>\n\t<\/div> \n\n\t<div  class=\"vc_col-sm-6 wpb_column column_container vc_column_container col no-extra-padding inherit_tablet inherit_phone\"  data-padding-pos=\"all\" data-has-bg-color=\"false\" data-bg-color=\"\" data-bg-opacity=\"1\" data-animation=\"\" data-delay=\"0\" >\n\t\t<div class=\"vc_column-inner\" >\n\t\t\t<div class=\"wpb_wrapper\">\n\t\t\t\t<div class=\"divider-wrap height_phone_10px\" data-alignment=\"default\"><div style=\"height: 200px;\" class=\"divider\"><\/div><\/div><a class=\"nectar-button jumbo see-through-2  has-icon arrow-button\"  role=\"button\" style=\"border-color: #C1904E; color: #C1904E;\"  href=\"https:\/\/themeetingpoint.ca\/fr\/contact\/\" data-color-override=\"#C1904E\"  data-hover-color-override=\"#C1904E\" data-hover-text-color-override=\"#ffffff\"><span>TRAVAILLEZ AVEC NOUS<\/span><i  class=\"fa fa-arrow-right\"><\/i><\/a>\n\t\t\t<\/div> \n\t\t<\/div>\n\t<\/div> \n\n\t<div  class=\"vc_col-sm-12 wpb_column column_container vc_column_container col no-extra-padding inherit_tablet inherit_phone\"  data-padding-pos=\"all\" data-has-bg-color=\"false\" data-bg-color=\"\" data-bg-opacity=\"1\" data-animation=\"\" data-delay=\"0\" >\n\t\t<div class=\"vc_column-inner\" >\n\t\t\t<div class=\"wpb_wrapper\">\n\t\t\t\t<div class=\"divider-wrap height_phone_10px\" data-alignment=\"default\"><div style=\"height: 100px;\" class=\"divider\"><\/div><\/div>\n\t\t\t<\/div> \n\t\t<\/div>\n\t<\/div> \n<\/div><\/div>","protected":false},"excerpt":{"rendered":"Privacy Policy At themeetingpoint.ca (accessible via http:\/\/themeetingpoint.ca\/), the privacy of our visitors is a top priority. This privacy policy outlines the types of information collected and recorded by our site,...","protected":false},"author":1,"featured_media":0,"parent":0,"menu_order":0,"comment_status":"closed","ping_status":"closed","template":"","meta":{"om_disable_all_campaigns":false,"_monsterinsights_skip_tracking":false,"_monsterinsights_sitenote_active":false,"_monsterinsights_sitenote_note":"","_monsterinsights_sitenote_category":0,"_uf_show_specific_survey":0,"_uf_disable_surveys":false,"footnotes":""},"class_list":["post-531","page","type-page","status-publish"],"aioseo_notices":[],"_links":{"self":[{"href":"https:\/\/themeetingpoint.ca\/fr\/wp-json\/wp\/v2\/pages\/531","targetHints":{"allow":["GET"]}}],"collection":[{"href":"https:\/\/themeetingpoint.ca\/fr\/wp-json\/wp\/v2\/pages"}],"about":[{"href":"https:\/\/themeetingpoint.ca\/fr\/wp-json\/wp\/v2\/types\/page"}],"author":[{"embeddable":true,"href":"https:\/\/themeetingpoint.ca\/fr\/wp-json\/wp\/v2\/users\/1"}],"replies":[{"embeddable":true,"href":"https:\/\/themeetingpoint.ca\/fr\/wp-json\/wp\/v2\/comments?post=531"}],"version-history":[{"count":12,"href":"https:\/\/themeetingpoint.ca\/fr\/wp-json\/wp\/v2\/pages\/531\/revisions"}],"predecessor-version":[{"id":1689,"href":"https:\/\/themeetingpoint.ca\/fr\/wp-json\/wp\/v2\/pages\/531\/revisions\/1689"}],"wp:attachment":[{"href":"https:\/\/themeetingpoint.ca\/fr\/wp-json\/wp\/v2\/media?parent=531"}],"curies":[{"name":"wp","href":"https:\/\/api.w.org\/{rel}","templated":true}]}}